{"id":75,"date":"2022-11-17T15:15:11","date_gmt":"2022-11-17T15:15:11","guid":{"rendered":"https:\/\/www.scmpinhel.pt\/?page_id=75"},"modified":"2025-05-06T10:56:30","modified_gmt":"2025-05-06T10:56:30","slug":"documentos","status":"publish","type":"page","link":"https:\/\/www.scmpinhel.pt\/?page_id=75","title":{"rendered":"Documentos"},"content":{"rendered":"\t\t<div data-elementor-type=\"wp-page\" data-elementor-id=\"75\" class=\"elementor elementor-75\">\n\t\t\t\t\t\t\t\t\t<section class=\"elementor-section elementor-top-section elementor-element elementor-element-711d9238 elementor-section-boxed elementor-section-height-default elementor-section-height-default\" data-id=\"711d9238\" data-element_type=\"section\">\n\t\t\t\t\t\t<div class=\"elementor-container elementor-column-gap-default\">\n\t\t\t\t\t<div class=\"elementor-column elementor-col-100 elementor-top-column elementor-element elementor-element-51d7fab4\" data-id=\"51d7fab4\" data-element_type=\"column\">\n\t\t\t<div class=\"elementor-widget-wrap elementor-element-populated\">\n\t\t\t\t\t\t\t\t<div class=\"elementor-element elementor-element-6d703969 elementor-widget elementor-widget-text-editor\" data-id=\"6d703969\" data-element_type=\"widget\" data-widget_type=\"text-editor.default\">\n\t\t\t\t<div class=\"elementor-widget-container\">\n\t\t\t<style>\/*! elementor - v3.8.1 - 13-11-2022 *\/\n.elementor-widget-text-editor.elementor-drop-cap-view-stacked .elementor-drop-cap{background-color:#818a91;color:#fff}.elementor-widget-text-editor.elementor-drop-cap-view-framed .elementor-drop-cap{color:#818a91;border:3px solid;background-color:transparent}.elementor-widget-text-editor:not(.elementor-drop-cap-view-default) .elementor-drop-cap{margin-top:8px}.elementor-widget-text-editor:not(.elementor-drop-cap-view-default) .elementor-drop-cap-letter{width:1em;height:1em}.elementor-widget-text-editor .elementor-drop-cap{float:left;text-align:center;line-height:1;font-size:50px}.elementor-widget-text-editor .elementor-drop-cap-letter{display:inline-block}<\/style>\t\t\t\t<!-- wp:themeisle-blocks\/advanced-columns {\"id\":\"wp-block-themeisle-blocks-advanced-columns-0dff80c2\",\"columns\":0} -->\n<div id=\"wp-block-themeisle-blocks-advanced-columns-0dff80c2\" class=\"wp-block-themeisle-blocks-advanced-columns has-0-columns has-desktop-undefined-layout has-tablet-equal-layout has-mobile-equal-layout has-vertical-unset\"><div class=\"wp-block-themeisle-blocks-advanced-columns-overlay\"><\/div><div class=\"innerblocks-wrap\"><\/div><\/div>\n<!-- \/wp:themeisle-blocks\/advanced-columns -->\t\t\t\t\t\t<\/div>\n\t\t\t\t<\/div>\n\t\t\t\t<div class=\"elementor-element elementor-element-ccdd41b elementor-view-default elementor-widget elementor-widget-icon\" data-id=\"ccdd41b\" data-element_type=\"widget\" data-widget_type=\"icon.default\">\n\t\t\t\t<div class=\"elementor-widget-container\">\n\t\t\t\t\t<div class=\"elementor-icon-wrapper\">\n\t\t\t<div class=\"elementor-icon\">\n\t\t\t<i aria-hidden=\"true\" class=\"fas fa-star\"><\/i>\t\t\t<\/div>\n\t\t<\/div>\n\t\t\t\t<\/div>\n\t\t\t\t<\/div>\n\t\t\t\t\t<\/div>\n\t\t<\/div>\n\t\t\t\t\t\t\t<\/div>\n\t\t<\/section>\n\t\t\t\t<section class=\"elementor-section elementor-top-section elementor-element elementor-element-fa08888 elementor-section-boxed elementor-section-height-default elementor-section-height-default\" data-id=\"fa08888\" data-element_type=\"section\">\n\t\t\t\t\t\t<div class=\"elementor-container elementor-column-gap-default\">\n\t\t\t\t\t<div class=\"elementor-column elementor-col-100 elementor-top-column elementor-element elementor-element-dc5e33e\" data-id=\"dc5e33e\" data-element_type=\"column\">\n\t\t\t<div class=\"elementor-widget-wrap elementor-element-populated\">\n\t\t\t\t\t\t\t\t<div class=\"elementor-element elementor-element-3f75ae2 elementor-widget elementor-widget-eael-adv-tabs\" data-id=\"3f75ae2\" data-element_type=\"widget\" data-widget_type=\"eael-adv-tabs.default\">\n\t\t\t\t<div class=\"elementor-widget-container\">\n\t\t\t        <div id=\"eael-advance-tabs-3f75ae2\" class=\"eael-advance-tabs eael-tabs-vertical eael-tab-auto-active\" data-tabid=\"3f75ae2\">\n            <div class=\"eael-tabs-nav\">\n                <ul class=\"\">\n                                            <li id=\"relatrios-de-gesto\" class=\"inactive eael-tab-item-trigger\" aria-selected=\"true\" data-tab=\"1\" role=\"tab\" tabindex=\"0\" aria-controls=\"relatrios-de-gesto-tab\" aria-expanded=\"false\">\n                            \n                            \n                            \n                                                            <span class=\"eael-tab-title  title-after-icon\">Relat\u00f3rios de Gest\u00e3o<\/span>                                                    <\/li>\n                                            <li id=\"plano-de-atividades\" class=\"inactive eael-tab-item-trigger\" aria-selected=\"false\" data-tab=\"2\" role=\"tab\" tabindex=\"-1\" aria-controls=\"plano-de-atividades-tab\" aria-expanded=\"false\">\n                            \n                            \n                            \n                                                            <span class=\"eael-tab-title  title-after-icon\">Plano de Atividades<\/span>                                                    <\/li>\n                                            <li id=\"outros\" class=\"inactive eael-tab-item-trigger\" aria-selected=\"false\" data-tab=\"3\" role=\"tab\" tabindex=\"-1\" aria-controls=\"outros-tab\" aria-expanded=\"false\">\n                            \n                            \n                            \n                                                            <span class=\"eael-tab-title  title-after-icon\">Outros<\/span>                                                    <\/li>\n                                    <\/ul>\n            <\/div>\n            \n            <div class=\"eael-tabs-content\">\n\t\t        \n                    <div id=\"relatrios-de-gesto-tab\" class=\"clearfix eael-tab-content-item inactive\" data-title-link=\"relatrios-de-gesto-tab\">\n\t\t\t\t        \t\t\t\t\t        <ul>\n<li><a href=\"https:\/\/www.scmpinhel.pt\/wp-content\/uploads\/2025\/05\/RAC2024.pdf\">Relat\u00f3rio e Contas 2024<\/a><\/li>\n<li><a href=\"https:\/\/www.scmpinhel.pt\/wp-content\/uploads\/2024\/05\/RC2023.pdf\">Relat\u00f3rio e Contas 2023<\/a><\/li>\n<li><a href=\"https:\/\/www.scmpinhel.pt\/wp-content\/uploads\/2023\/05\/Sscmpinhel23053115270.pdf\">Relat\u00f3rio e Contas 2022<\/a><\/li>\n<li><a href=\"https:\/\/www.scmpinhel.pt\/wp-content\/uploads\/2022\/11\/Relatorio-e-contas-2021.pdf\">Relat\u00f3rio e Contas 2021<\/a><\/li>\n<li><a href=\"https:\/\/www.scmpinhel.pt\/wp-content\/uploads\/2022\/11\/Relatorio-e-contas-2020.pdf\">Relat\u00f3rio e Contas 2020<\/a><\/li>\n<li><a href=\"https:\/\/www.scmpinhel.pt\/wp-content\/uploads\/2022\/11\/Relatorio-e-contas-2019.pdf\">Relat\u00f3rio e Contas 2019<\/a><\/li>\n<li><a href=\"https:\/\/www.scmpinhel.pt\/wp-content\/uploads\/2022\/11\/Relatorio-e-contas-2018.pdf\">Relat\u00f3rio e Contas 2018<\/a><\/li>\n<li><a href=\"https:\/\/www.scmpinhel.pt\/wp-content\/uploads\/2022\/11\/Relatorio-e-contas-2017.pdf\">Relat\u00f3rio e Contas 2017<\/a><\/li>\n<\/ul>\n<p>\u00a0<\/p>\t\t\t\t                            <\/div>\n\t\t        \n                    <div id=\"plano-de-atividades-tab\" class=\"clearfix eael-tab-content-item inactive\" data-title-link=\"plano-de-atividades-tab\">\n\t\t\t\t        \t\t\t\t\t        \t\t\t\t                            <\/div>\n\t\t        \n                    <div id=\"outros-tab\" class=\"clearfix eael-tab-content-item inactive\" data-title-link=\"outros-tab\">\n\t\t\t\t        \t\t\t\t\t        <ul>\n<li>Ano de 2019<\/li>\n<\/ul>\t\t\t\t                            <\/div>\n\t\t                    <\/div>\n        <\/div>\n\t\t<\/div>\n\t\t\t\t<\/div>\n\t\t\t\t\t<\/div>\n\t\t<\/div>\n\t\t\t\t\t\t\t<\/div>\n\t\t<\/section>\n\t\t\t\t\t\t\t<\/div>\n\t\t","protected":false},"excerpt":{"rendered":"<p>Relat\u00f3rios de Gest\u00e3o Plano de Atividades Outros Relat\u00f3rio e Contas 2024 Relat\u00f3rio e Contas 2023 Relat\u00f3rio e Contas 2022 Relat\u00f3rio e Contas 2021 Relat\u00f3rio e Contas 2020 Relat\u00f3rio e Contas 2019 Relat\u00f3rio e Contas 2018 Relat\u00f3rio e Contas 2017 \u00a0 Ano de 2019<\/p>\n","protected":false},"author":1,"featured_media":0,"parent":0,"menu_order":0,"comment_status":"closed","ping_status":"closed","template":"","meta":{"_eb_attr":"","_themeisle_gutenberg_block_has_review":false,"footnotes":""},"class_list":["post-75","page","type-page","status-publish","hentry"],"_links":{"self":[{"href":"https:\/\/www.scmpinhel.pt\/index.php?rest_route=\/wp\/v2\/pages\/75","targetHints":{"allow":["GET"]}}],"collection":[{"href":"https:\/\/www.scmpinhel.pt\/index.php?rest_route=\/wp\/v2\/pages"}],"about":[{"href":"https:\/\/www.scmpinhel.pt\/index.php?rest_route=\/wp\/v2\/types\/page"}],"author":[{"embeddable":true,"href":"https:\/\/www.scmpinhel.pt\/index.php?rest_route=\/wp\/v2\/users\/1"}],"replies":[{"embeddable":true,"href":"https:\/\/www.scmpinhel.pt\/index.php?rest_route=%2Fwp%2Fv2%2Fcomments&post=75"}],"version-history":[{"count":55,"href":"https:\/\/www.scmpinhel.pt\/index.php?rest_route=\/wp\/v2\/pages\/75\/revisions"}],"predecessor-version":[{"id":158,"href":"https:\/\/www.scmpinhel.pt\/index.php?rest_route=\/wp\/v2\/pages\/75\/revisions\/158"}],"wp:attachment":[{"href":"https:\/\/www.scmpinhel.pt\/index.php?rest_route=%2Fwp%2Fv2%2Fmedia&parent=75"}],"curies":[{"name":"wp","href":"https:\/\/api.w.org\/{rel}","templated":true}]}}