{"id":2,"date":"2022-11-16T16:46:17","date_gmt":"2022-11-16T16:46:17","guid":{"rendered":"https:\/\/www.scmpinhel.pt\/?page_id=2"},"modified":"2022-11-16T18:53:52","modified_gmt":"2022-11-16T18:53:52","slug":"resenha-santa-casa","status":"publish","type":"page","link":"https:\/\/www.scmpinhel.pt\/?page_id=2","title":{"rendered":"Resenha Santa Casa"},"content":{"rendered":"\t\t<div data-elementor-type=\"wp-page\" data-elementor-id=\"2\" class=\"elementor elementor-2\">\n\t\t\t\t\t\t\t\t\t<section class=\"elementor-section elementor-top-section elementor-element elementor-element-23c5ccdf elementor-section-boxed elementor-section-height-default elementor-section-height-default\" data-id=\"23c5ccdf\" data-element_type=\"section\">\n\t\t\t\t\t\t<div class=\"elementor-container elementor-column-gap-default\">\n\t\t\t\t\t<div class=\"elementor-column elementor-col-100 elementor-top-column elementor-element elementor-element-744d6592\" data-id=\"744d6592\" data-element_type=\"column\">\n\t\t\t<div class=\"elementor-widget-wrap elementor-element-populated\">\n\t\t\t\t\t\t\t\t<div class=\"elementor-element elementor-element-30aab013 elementor-drop-cap-yes elementor-drop-cap-view-default elementor-widget elementor-widget-text-editor\" data-id=\"30aab013\" data-element_type=\"widget\" data-settings=\"{&quot;drop_cap&quot;:&quot;yes&quot;}\" data-widget_type=\"text-editor.default\">\n\t\t\t\t<div class=\"elementor-widget-container\">\n\t\t\t<style>\/*! elementor - v3.8.1 - 13-11-2022 *\/\n.elementor-widget-text-editor.elementor-drop-cap-view-stacked .elementor-drop-cap{background-color:#818a91;color:#fff}.elementor-widget-text-editor.elementor-drop-cap-view-framed .elementor-drop-cap{color:#818a91;border:3px solid;background-color:transparent}.elementor-widget-text-editor:not(.elementor-drop-cap-view-default) .elementor-drop-cap{margin-top:8px}.elementor-widget-text-editor:not(.elementor-drop-cap-view-default) .elementor-drop-cap-letter{width:1em;height:1em}.elementor-widget-text-editor .elementor-drop-cap{float:left;text-align:center;line-height:1;font-size:50px}.elementor-widget-text-editor .elementor-drop-cap-letter{display:inline-block}<\/style>\t\t\t\t<p align=\"justify\"><img loading=\"lazy\" decoding=\"async\" class=\"alignnone wp-image-23\" style=\"letter-spacing: 0.16px;\" src=\"https:\/\/www.scmpinhel.pt\/wp-content\/uploads\/2022\/11\/logo2.jpg\" alt=\"\" width=\"76\" height=\"76\" \/>Pouco se sabe sobre a funda\u00e7\u00e3o da irmandade da Miseric\u00f3rdia na vila de Pinhel. A vila, reedificada e povoada no in\u00edcio do s\u00e9culo XIII, recebeu foral em 1209, tendo este sido renovado <span style=\"letter-spacing: 0.01em;\">quando das Reformas Manuelinas em 1510. A Miseric\u00f3rdia foi fundada alguns anos depois, por iniciativa do Dr. Jo\u00e3o Videira. <\/span><span style=\"letter-spacing: 0.01em;\">Na segunda metade da cent\u00faria a irmandade funcionava em pleno, tendo edificado o seu hospital. Cremos que o ano de funda\u00e7\u00e3o da Miseric\u00f3rdia remonta a 1514\/ 1515, sendo uma das mais antigas a n\u00edvel nacional.<\/span><\/p>\n<p align=\"justify\">Historicamente, a Santa Casa de Miseric\u00f3rdia \u00e9 uma irmandade que tinha como miss\u00e3o o tratamento e sustento a enfermos e inv\u00e1lidos, al\u00e9m de dar assist\u00eancia a \u201cexpostos\u201d \u2013 rec\u00e9m-nascidos abandonados na institui\u00e7\u00e3o. Sua orienta\u00e7\u00e3o remonta ao Compromisso da Miseric\u00f3rdia de Lisboa, composto por 14 obras de miseric\u00f3rdia, sendo sete delas espirituais \u2013 ensinar os simples, dar bons conselhos, castigar os que erram, consolar os tristes, perdoar as ofensas, sofrer com paci\u00eancia, orar pelos vivos e pelos mortos &#8211; e sete corporais \u2013 visitar os enfermos e os presos, remir os cativos, vestir os nus, dar de comer aos famintos e de beber aos sedentos, abrigar os viajantes e enterrar os mortos.<br \/>Com o lema de \u201cAmar e Servir\u201d a Miseric\u00f3rdia de Pinhel sempre se pautou pela ajuda aos mais necessitados. Come\u00e7ou a sua atividade na \u00e1rea da sa\u00fade, com o antigo hospital que ap\u00f3s alguns anos foi nacionalizado. Criou um asilo para idosos carenciados e uma creche e jardim-de-inf\u00e2ncia para apoio \u00e0s crian\u00e7as, que se foi alargando conforme cresciam as necessidades da popula\u00e7\u00e3o.<br \/>Atualmente, a Santa Casa da Miseric\u00f3rdia de Pinhel \u00e9 uma das maiores empregadoras do concelho de Pinhel, com cerca de 110 funcion\u00e1rios e a sua atividade abrange um diverso leque de respostas sociais:<\/p>\n<p><!-- \/wp:paragraph --><!-- wp:paragraph --><\/p>\n<p>&#8211; Unidade de Cuidados Continuados\u00a0 <img loading=\"lazy\" decoding=\"async\" class=\"alignnone wp-image-46\" style=\"letter-spacing: 0.16px; text-align: justify;\" src=\"https:\/\/www.scmpinhel.pt\/wp-content\/uploads\/2022\/11\/pinhel1-Copia.jpg\" alt=\"\" width=\"58\" height=\"53\" \/><br \/>A Santa Casa da Miseric\u00f3rdia de Pinhel foi uma das Institui\u00e7\u00f5es pioneiras a candidatar-se ao programa Sa\u00fade XXI, para cria\u00e7\u00e3o de uma Unidade de Apoio Interm\u00e9dio (designadas UAI), tendo visto a sua candidatura aprovada no ano de 2004, para 30 utentes. Com muitas revezes, a obra s\u00f3 foi conclu\u00edda no ano de 2010, sendo j\u00e1 estas Unidades designadas de Unidades de Cuidados Continuados. Ap\u00f3s anos de luta, s\u00f3 no final de 2016 \u00e9 que a Miseric\u00f3rdia de Pinhel conseguiu um acordo com a ARS e a Seguran\u00e7a Social para abrir a Unidade de Cuidados Continuados de Longa Dura\u00e7\u00e3o e Manuten\u00e7\u00e3o, com acordo inicial para apenas 18 utentes mas com a promessa de alargamento do acordo. S\u00f3 em abril de 2018 o acordo foi revisto e conta neste momento com 30 utentes protocolados e 2 de gest\u00e3o privada. Apesar de ser uma Unidade muito recente \u00e9 j\u00e1 uma unidade de refer\u00eancia a n\u00edvel distrital.<\/p>\n<p><!-- \/wp:paragraph --><!-- wp:paragraph --><\/p>\n<p>&#8211; Jardim de Inf\u00e2ncia e Creche<br \/>Pioneira na \u00e1rea da Inf\u00e2ncia, a Santa Casa da Miseric\u00f3rdia de Pinhel procurou criar uma resposta social para permitir que as m\u00e3es com filhos pequenos pudessem ir trabalhar. Em 1983 abriu com a ajuda das Irm\u00e3s Doroteias, com forte cariz educativo, o Jardim de Inf\u00e2ncia, tendo alargado em 1991 para ber\u00e7\u00e1rio e creche.<br \/>Neste momento tem 57 crian\u00e7as em Jardim de Inf\u00e2ncia e 70 em Creche, num total de 8 salas. \u00c9 a \u00fanica Creche do concelho e tem tido uma procura crescente ao longo dos \u00faltimos anos, sendo que a Miseric\u00f3rdia pondera a abertura de mais uma sala de beb\u00e9s para dar resposta a todas as crian\u00e7as.<\/p>\n<p><!-- \/wp:paragraph --><!-- wp:paragraph --><\/p>\n<p>&#8211; ERPI\/ Centro de Noite<br \/>O apoio a idosos come\u00e7ou no antigo Asilo Bandarra de Gusm\u00e3o, que acolhia cerca de 30 utentes de classes desfavorecidas. Com o passar do tempo esta resposta come\u00e7ou a ser insuficiente e em 1999 foi inaugurado o Lar de Santo Ant\u00f3nio, atual ERPI, com 54 utentes. Em 2008 foi inaugurado o Centro de Noite para 20 utentes.<br \/>Com a mudan\u00e7a de legisla\u00e7\u00e3o, a Seguran\u00e7a Social obrigou a Institui\u00e7\u00e3o \u00e0 redu\u00e7\u00e3o de 12 utentes em ERPI, redu\u00e7\u00e3o que ainda est\u00e1 a decorrer, tendo atualmente 44 utentes.<\/p>\n<p><!-- \/wp:paragraph --><!-- wp:paragraph --><\/p>\n<p>-Servi\u00e7o de Apoio Domicili\u00e1rio<br \/>O servi\u00e7o de apoio domicili\u00e1rio foi criado em dezembro de 1987. Contamos neste momento com 40 utentes distribu\u00eddos nas \u00e1reas geogr\u00e1ficas de Pinhel, Vascoveiro, Malta, Gamelas, Pereiro, Quint\u00e3 dos Bernardos e Vale de Madeira.<br \/>O Servi\u00e7o de Apoio Domicili\u00e1rio consiste na presta\u00e7\u00e3o de cuidados individualizados e personalizados no pr\u00f3prio domic\u00edlio, sempre que idosos, adultos ou fam\u00edlias, por motivo de doen\u00e7a, defici\u00eancia ou outros impedimentos, n\u00e3o possam assegurar, tempor\u00e1ria ou permanentemente, a satisfa\u00e7\u00e3o das suas necessidades b\u00e1sicas e\/ ou da vida di\u00e1ria.<br \/>\u00c9 a maneira de manter por mais tempo no conforto dos seus lares os idosos, que por vezes por falta de apoio t\u00eam que ser Institucionalizados. Sabemos a import\u00e2ncia desta resposta social e \u00e9 para n\u00f3s dif\u00edcil recusar casos de necessidade premente.<\/p>\n<p><!-- \/wp:paragraph --><!-- wp:paragraph --><\/p>\n<p>&#8211; Outras atividades sociais:<\/p>\n<p>&#8211; Servi\u00e7o de Atendimento e Acompanhamento Social<br \/>O SAAS \u00e9 um servi\u00e7o que assegura o atendimento e o acompanhamento de pessoas e fam\u00edlias em situa\u00e7\u00e3o de vulnerabilidade e exclus\u00e3o social, bem como de emerg\u00eancia social.<br \/>Atendimento Social:<br \/>Atendimento de primeira linha, personalizado, que responde \u00e0s situa\u00e7\u00f5es de crise ou de emerg\u00eancia social.<br \/>Acompanhamento Social:<br \/>Destina-se a assegurar apoio t\u00e9cnico, tendo em vista a preven\u00e7\u00e3o e resolu\u00e7\u00e3o de problemas sociais.<br \/>A QUEM SE DESTINA?<br \/>Pessoas e fam\u00edlias em situa\u00e7\u00e3o de pobreza e de exclus\u00e3o social, residentes nos concelhos de Pinhel e Trancoso.<br \/>-Loja social \u2013 La\u00e7o<br \/>A Loja Social \u00e9 um servi\u00e7o da Institui\u00e7\u00e3o lan\u00e7ado em junho de 2016, tendo como objetivo principal dignificar a entrega de roupa aos utentes e melhorar a apresenta\u00e7\u00e3o dos artigos disponibilizados. Resulta das in\u00fameras doa\u00e7\u00f5es de artigos (sobretudo de roupa) provenientes de indiv\u00edduos particulares e empresas, que numa \u00f3tica de reutiliza\u00e7\u00e3o permite a distribui\u00e7\u00e3o de roupas pelas fam\u00edlias mais desfavorecidas do concelho. A Loja inclui vestu\u00e1rio de adultos e crian\u00e7a, roupa de cama, atoalhados, sapatos, acess\u00f3rios, artigos para beb\u00e9, brinquedos, livros escolares e artigos para o lar-.<\/p>\n<p><!-- \/wp:paragraph --><\/p>\t\t\t\t\t\t<\/div>\n\t\t\t\t<\/div>\n\t\t\t\t\t<\/div>\n\t\t<\/div>\n\t\t\t\t\t\t\t<\/div>\n\t\t<\/section>\n\t\t\t\t\t\t\t<\/div>\n\t\t","protected":false},"excerpt":{"rendered":"<p>Pouco se sabe sobre a funda\u00e7\u00e3o da irmandade da Miseric\u00f3rdia na vila de Pinhel. A vila, reedificada e povoada no in\u00edcio do s\u00e9culo XIII, recebeu foral em 1209, tendo este sido renovado quando das Reformas Manuelinas em 1510. A Miseric\u00f3rdia foi fundada alguns anos depois, por iniciativa do Dr. Jo\u00e3o Videira. Na segunda metade da [&hellip;]<\/p>\n","protected":false},"author":1,"featured_media":0,"parent":0,"menu_order":0,"comment_status":"closed","ping_status":"closed","template":"","meta":{"_eb_attr":"","_themeisle_gutenberg_block_has_review":false,"footnotes":""},"class_list":["post-2","page","type-page","status-publish","hentry"],"_links":{"self":[{"href":"https:\/\/www.scmpinhel.pt\/index.php?rest_route=\/wp\/v2\/pages\/2","targetHints":{"allow":["GET"]}}],"collection":[{"href":"https:\/\/www.scmpinhel.pt\/index.php?rest_route=\/wp\/v2\/pages"}],"about":[{"href":"https:\/\/www.scmpinhel.pt\/index.php?rest_route=\/wp\/v2\/types\/page"}],"author":[{"embeddable":true,"href":"https:\/\/www.scmpinhel.pt\/index.php?rest_route=\/wp\/v2\/users\/1"}],"replies":[{"embeddable":true,"href":"https:\/\/www.scmpinhel.pt\/index.php?rest_route=%2Fwp%2Fv2%2Fcomments&post=2"}],"version-history":[{"count":17,"href":"https:\/\/www.scmpinhel.pt\/index.php?rest_route=\/wp\/v2\/pages\/2\/revisions"}],"predecessor-version":[{"id":52,"href":"https:\/\/www.scmpinhel.pt\/index.php?rest_route=\/wp\/v2\/pages\/2\/revisions\/52"}],"wp:attachment":[{"href":"https:\/\/www.scmpinhel.pt\/index.php?rest_route=%2Fwp%2Fv2%2Fmedia&parent=2"}],"curies":[{"name":"wp","href":"https:\/\/api.w.org\/{rel}","templated":true}]}}